{"id":341,"date":"2024-01-07T12:12:28","date_gmt":"2024-01-07T11:12:28","guid":{"rendered":"https:\/\/www.sagefemme-toulouse.fr\/?page_id=341"},"modified":"2024-02-03T16:01:54","modified_gmt":"2024-02-03T15:01:54","slug":"consultations-prenatales-et-suivi-de-grossesse","status":"publish","type":"page","link":"https:\/\/www.sagefemme-toulouse.fr\/index.php\/consultations-prenatales-et-suivi-de-grossesse\/","title":{"rendered":"Haptonomie"},"content":{"rendered":"\t\t<div data-elementor-type=\"wp-post\" data-elementor-id=\"341\" class=\"elementor elementor-341\">\n\t\t\t\t\t\t<section class=\"elementor-section elementor-top-section elementor-element elementor-element-1981bc6 elementor-section-boxed elementor-section-height-default elementor-section-height-default\" data-id=\"1981bc6\" data-element_type=\"section\">\n\t\t\t\t\t\t<div class=\"elementor-container elementor-column-gap-default\">\n\t\t\t\t\t<div class=\"elementor-column elementor-col-100 elementor-top-column elementor-element elementor-element-8654c28\" data-id=\"8654c28\" data-element_type=\"column\">\n\t\t\t<div class=\"elementor-widget-wrap elementor-element-populated\">\n\t\t\t\t\t\t<div class=\"elementor-element elementor-element-b1fe05b elementor-widget elementor-widget-text-editor\" data-id=\"b1fe05b\" data-element_type=\"widget\" data-widget_type=\"text-editor.default\">\n\t\t\t\t<div class=\"elementor-widget-container\">\n\t\t\t\t\t\t\t<p class=\"MsoNormal\" style=\"margin: 0cm; font-size: medium; font-family: Calibri, sans-serif; caret-color: #000000; color: #000000;\"><span style=\"font-size: 30.5pt; font-family: Arial, sans-serif; color: #252525;\">L&rsquo;haptonomie est la science de l&rsquo;affectivit\u00e9.\u00a0<\/span><\/p><p class=\"MsoNormal\" style=\"margin: 0cm; font-size: medium; font-family: Calibri, sans-serif; caret-color: #000000; color: #000000;\"><span style=\"font-size: 30.5pt; font-family: Arial, sans-serif; color: #252525;\">Elle met en relation la Triade\u00a0\u00bb p\u00e8re-m\u00e8re-enfant\u00a0\u00bb pour leur permettre de nouer un lien affectif tr\u00e8s t\u00f4t pendant la grossesse( pas besoin d&rsquo;attendre de \u00a0\u00bb sentir le b\u00e9b\u00e9 bouger\u00a0\u00bb pour commencer cet accompagnement).<\/span><\/p><p class=\"MsoNormal\" style=\"margin: 0cm; font-size: medium; font-family: Calibri, sans-serif; caret-color: #000000; color: #000000;\"><span style=\"font-size: 30.5pt; font-family: Arial, sans-serif; color: #252525;\">P\u00e8re-M\u00e8re et Enfant sont chacun\u00a0\u00bb un\u00a0\u00bb mais aussi\u00a0\u00bb ensemble\u00a0\u00bb.<\/span><\/p><p class=\"MsoNormal\" style=\"margin: 0cm; font-size: medium; font-family: Calibri, sans-serif; caret-color: #000000; color: #000000;\"><span style=\"font-size: 30.5pt; font-family: Arial, sans-serif; color: #252525;\">Cette qualit\u00e9 de Pr\u00e9sence entre eux leur\u00a0\u00a0donne un sentiment pr\u00e9cieux de s\u00e9curit\u00e9.<\/span><\/p><p class=\"MsoNormal\" style=\"margin: 0cm; font-size: medium; font-family: Calibri, sans-serif; caret-color: #000000; color: #000000;\"><span style=\"font-size: 30.5pt; font-family: Arial, sans-serif; color: #252525;\">Le v\u00e9cu de la grossesse et la naissance seront ainsi facilit\u00e9s.\u00a0<\/span><\/p><p class=\"MsoNormal\" style=\"margin: 0cm; font-size: medium; font-family: Calibri, sans-serif; caret-color: #000000; color: #000000;\"><span style=\"font-size: 30.5pt; font-family: Arial, sans-serif; color: #252525;\">Les s\u00e9ances sont au nombre de 6 pendant la grossesse et 4 apr\u00e8s la naissance( jusqu&rsquo;\u00e0 la marche acquise de l&rsquo;enfant).<\/span><\/p>\t\t\t\t\t\t<\/div>\n\t\t\t\t<\/div>\n\t\t\t\t\t<\/div>\n\t\t<\/div>\n\t\t\t\t\t<\/div>\n\t\t<\/section>\n\t\t\t\t<\/div>\n\t\t","protected":false},"excerpt":{"rendered":"<p>L&rsquo;haptonomie est la science de l&rsquo;affectivit\u00e9.\u00a0 Elle met en relation la Triade\u00a0\u00bb [&hellip;]<\/p>\n","protected":false},"author":1,"featured_media":0,"parent":0,"menu_order":0,"comment_status":"closed","ping_status":"open","template":"elementor_header_footer","meta":{"footnotes":""},"aioseo_notices":[],"_links":{"self":[{"href":"https:\/\/www.sagefemme-toulouse.fr\/index.php\/wp-json\/wp\/v2\/pages\/341"}],"collection":[{"href":"https:\/\/www.sagefemme-toulouse.fr\/index.php\/wp-json\/wp\/v2\/pages"}],"about":[{"href":"https:\/\/www.sagefemme-toulouse.fr\/index.php\/wp-json\/wp\/v2\/types\/page"}],"author":[{"embeddable":true,"href":"https:\/\/www.sagefemme-toulouse.fr\/index.php\/wp-json\/wp\/v2\/users\/1"}],"replies":[{"embeddable":true,"href":"https:\/\/www.sagefemme-toulouse.fr\/index.php\/wp-json\/wp\/v2\/comments?post=341"}],"version-history":[{"count":25,"href":"https:\/\/www.sagefemme-toulouse.fr\/index.php\/wp-json\/wp\/v2\/pages\/341\/revisions"}],"predecessor-version":[{"id":422,"href":"https:\/\/www.sagefemme-toulouse.fr\/index.php\/wp-json\/wp\/v2\/pages\/341\/revisions\/422"}],"wp:attachment":[{"href":"https:\/\/www.sagefemme-toulouse.fr\/index.php\/wp-json\/wp\/v2\/media?parent=341"}],"curies":[{"name":"wp","href":"https:\/\/api.w.org\/{rel}","templated":true}]}}