{"id":205,"date":"2019-09-04T10:36:14","date_gmt":"2019-09-04T08:36:14","guid":{"rendered":"http:\/\/www.maud.fgs.best\/?page_id=205"},"modified":"2019-10-14T20:36:35","modified_gmt":"2019-10-14T18:36:35","slug":"reeducation-du-perinee-a-toulouse","status":"publish","type":"page","link":"https:\/\/www.sagefemme-toulouse.fr\/index.php\/reeducation-du-perinee-a-toulouse\/","title":{"rendered":"R\u00e9\u00e9ducation du p\u00e9rin\u00e9e"},"content":{"rendered":"\t\t<div data-elementor-type=\"wp-post\" data-elementor-id=\"205\" class=\"elementor elementor-205\">\n\t\t\t\t\t\t<section class=\"elementor-section elementor-top-section elementor-element elementor-element-a6ed14d elementor-section-boxed elementor-section-height-default elementor-section-height-default\" data-id=\"a6ed14d\" data-element_type=\"section\">\n\t\t\t\t\t\t<div class=\"elementor-container elementor-column-gap-default\">\n\t\t\t\t\t<div class=\"elementor-column elementor-col-100 elementor-top-column elementor-element elementor-element-3264463\" data-id=\"3264463\" data-element_type=\"column\">\n\t\t\t<div class=\"elementor-widget-wrap elementor-element-populated\">\n\t\t\t\t\t\t<div class=\"elementor-element elementor-element-22a20d6 elementor-widget elementor-widget-text-editor\" data-id=\"22a20d6\" data-element_type=\"widget\" data-widget_type=\"text-editor.default\">\n\t\t\t\t<div class=\"elementor-widget-container\">\n\t\t\t\t\t\t\t<p>Visant \u00e0 renforcer les muscles du p\u00e9rin\u00e9e, la r\u00e9\u00e9ducation p\u00e9rin\u00e9ale est fortement conseill\u00e9e apr\u00e8s l\u2019accouchement. Elle est effectu\u00e9e \u00e0 raison de 10 s\u00e9ances, en fonction de la patiente, \u00a0\u00e0 l&rsquo;issue d&rsquo;un bilan d\u00e9taill\u00e9 des muscles du plancher pelvien. Les s\u00e9ances sont r\u00e9alis\u00e9es au cabinet.<br \/>Si elle est n\u00e9glig\u00e9e, cette \u00e9tape post-natale peut entra\u00eener des d\u00e9sagr\u00e9ments tels que le prolapsus, un inconfort lors des rapports sexuels ou encore des fuites urinaires intempestives.<\/p>\t\t\t\t\t\t<\/div>\n\t\t\t\t<\/div>\n\t\t\t\t\t<\/div>\n\t\t<\/div>\n\t\t\t\t\t<\/div>\n\t\t<\/section>\n\t\t\t\t<\/div>\n\t\t","protected":false},"excerpt":{"rendered":"<p>Visant \u00e0 renforcer les muscles du p\u00e9rin\u00e9e, la r\u00e9\u00e9ducation p\u00e9rin\u00e9ale est fortement [&hellip;]<\/p>\n","protected":false},"author":1,"featured_media":0,"parent":0,"menu_order":0,"comment_status":"closed","ping_status":"open","template":"elementor_header_footer","meta":{"footnotes":""},"aioseo_notices":[],"_links":{"self":[{"href":"https:\/\/www.sagefemme-toulouse.fr\/index.php\/wp-json\/wp\/v2\/pages\/205"}],"collection":[{"href":"https:\/\/www.sagefemme-toulouse.fr\/index.php\/wp-json\/wp\/v2\/pages"}],"about":[{"href":"https:\/\/www.sagefemme-toulouse.fr\/index.php\/wp-json\/wp\/v2\/types\/page"}],"author":[{"embeddable":true,"href":"https:\/\/www.sagefemme-toulouse.fr\/index.php\/wp-json\/wp\/v2\/users\/1"}],"replies":[{"embeddable":true,"href":"https:\/\/www.sagefemme-toulouse.fr\/index.php\/wp-json\/wp\/v2\/comments?post=205"}],"version-history":[{"count":7,"href":"https:\/\/www.sagefemme-toulouse.fr\/index.php\/wp-json\/wp\/v2\/pages\/205\/revisions"}],"predecessor-version":[{"id":297,"href":"https:\/\/www.sagefemme-toulouse.fr\/index.php\/wp-json\/wp\/v2\/pages\/205\/revisions\/297"}],"wp:attachment":[{"href":"https:\/\/www.sagefemme-toulouse.fr\/index.php\/wp-json\/wp\/v2\/media?parent=205"}],"curies":[{"name":"wp","href":"https:\/\/api.w.org\/{rel}","templated":true}]}}