{"id":202,"date":"2019-09-04T10:34:51","date_gmt":"2019-09-04T08:34:51","guid":{"rendered":"http:\/\/www.maud.fgs.best\/?page_id=202"},"modified":"2019-09-05T11:21:26","modified_gmt":"2019-09-05T09:21:26","slug":"surveillance-a-domicile-de-grossesse-pathologique","status":"publish","type":"page","link":"https:\/\/www.sagefemme-toulouse.fr\/index.php\/surveillance-a-domicile-de-grossesse-pathologique\/","title":{"rendered":"Surveillance \u00e0 domicile de grossesse pathologique"},"content":{"rendered":"\t\t<div data-elementor-type=\"wp-post\" data-elementor-id=\"202\" class=\"elementor elementor-202\">\n\t\t\t\t\t\t<section class=\"elementor-section elementor-top-section elementor-element elementor-element-a6ed14d elementor-section-boxed elementor-section-height-default elementor-section-height-default\" data-id=\"a6ed14d\" data-element_type=\"section\">\n\t\t\t\t\t\t<div class=\"elementor-container elementor-column-gap-default\">\n\t\t\t\t\t<div class=\"elementor-column elementor-col-100 elementor-top-column elementor-element elementor-element-3264463\" data-id=\"3264463\" data-element_type=\"column\">\n\t\t\t<div class=\"elementor-widget-wrap elementor-element-populated\">\n\t\t\t\t\t\t<div class=\"elementor-element elementor-element-22a20d6 elementor-widget elementor-widget-text-editor\" data-id=\"22a20d6\" data-element_type=\"widget\" data-widget_type=\"text-editor.default\">\n\t\t\t\t<div class=\"elementor-widget-container\">\n\t\t\t\t\t\t\tIl arrive que la grossesse ne se d\u00e9roule pas toujours comme on le souhaite g\u00e9n\u00e9rant ainsi des restrictions de mobilit\u00e9. Pour assurer votre confort, Maud Droit intervient \u00e0 domicile en cas de grossesse compliqu\u00e9e, \u00a0sur prescription m\u00e9dicale. Les pathologies qui induisent un suivi r\u00e9gulier de la sage-femme sont la pr\u00e9sence d\u2019une hypertension, d&rsquo;un retard de croissance intra-ut\u00e9rin, d\u2019un diab\u00e8te de grossesse ou de risques d&rsquo;accouchement pr\u00e9matur\u00e9. Elle se d\u00e9place r\u00e9guli\u00e8rement \u00e0 votre domicile, jusqu\u2019\u00e0 trois fois par semaine.\nMunie de l\u2019\u00e9quipement n\u00e9cessaire, j&rsquo;assure le monitoring du f\u0153tus, la prise de la tension art\u00e9rielle et le contr\u00f4le du taux de glyc\u00e9mie.\t\t\t\t\t\t<\/div>\n\t\t\t\t<\/div>\n\t\t\t\t\t<\/div>\n\t\t<\/div>\n\t\t\t\t\t<\/div>\n\t\t<\/section>\n\t\t\t\t<\/div>\n\t\t","protected":false},"excerpt":{"rendered":"<p>Il arrive que la grossesse ne se d\u00e9roule pas toujours comme on [&hellip;]<\/p>\n","protected":false},"author":1,"featured_media":0,"parent":0,"menu_order":0,"comment_status":"closed","ping_status":"open","template":"elementor_header_footer","meta":{"footnotes":""},"aioseo_notices":[],"_links":{"self":[{"href":"https:\/\/www.sagefemme-toulouse.fr\/index.php\/wp-json\/wp\/v2\/pages\/202"}],"collection":[{"href":"https:\/\/www.sagefemme-toulouse.fr\/index.php\/wp-json\/wp\/v2\/pages"}],"about":[{"href":"https:\/\/www.sagefemme-toulouse.fr\/index.php\/wp-json\/wp\/v2\/types\/page"}],"author":[{"embeddable":true,"href":"https:\/\/www.sagefemme-toulouse.fr\/index.php\/wp-json\/wp\/v2\/users\/1"}],"replies":[{"embeddable":true,"href":"https:\/\/www.sagefemme-toulouse.fr\/index.php\/wp-json\/wp\/v2\/comments?post=202"}],"version-history":[{"count":5,"href":"https:\/\/www.sagefemme-toulouse.fr\/index.php\/wp-json\/wp\/v2\/pages\/202\/revisions"}],"predecessor-version":[{"id":270,"href":"https:\/\/www.sagefemme-toulouse.fr\/index.php\/wp-json\/wp\/v2\/pages\/202\/revisions\/270"}],"wp:attachment":[{"href":"https:\/\/www.sagefemme-toulouse.fr\/index.php\/wp-json\/wp\/v2\/media?parent=202"}],"curies":[{"name":"wp","href":"https:\/\/api.w.org\/{rel}","templated":true}]}}