{"id":194,"date":"2019-09-04T10:08:16","date_gmt":"2019-09-04T08:08:16","guid":{"rendered":"http:\/\/www.maud.fgs.best\/?page_id=194"},"modified":"2019-09-04T14:46:37","modified_gmt":"2019-09-04T12:46:37","slug":"suivi-de-grossesse","status":"publish","type":"page","link":"https:\/\/www.sagefemme-toulouse.fr\/index.php\/suivi-de-grossesse\/","title":{"rendered":"Consultations pr\u00e9natales et suivi de grossesse"},"content":{"rendered":"\t\t<div data-elementor-type=\"wp-post\" data-elementor-id=\"194\" class=\"elementor elementor-194\">\n\t\t\t\t\t\t<section class=\"elementor-section elementor-top-section elementor-element elementor-element-a6ed14d elementor-section-boxed elementor-section-height-default elementor-section-height-default\" data-id=\"a6ed14d\" data-element_type=\"section\">\n\t\t\t\t\t\t<div class=\"elementor-container elementor-column-gap-default\">\n\t\t\t\t\t<div class=\"elementor-column elementor-col-100 elementor-top-column elementor-element elementor-element-3264463\" data-id=\"3264463\" data-element_type=\"column\">\n\t\t\t<div class=\"elementor-widget-wrap elementor-element-populated\">\n\t\t\t\t\t\t<div class=\"elementor-element elementor-element-22a20d6 elementor-widget elementor-widget-text-editor\" data-id=\"22a20d6\" data-element_type=\"widget\" data-widget_type=\"text-editor.default\">\n\t\t\t\t<div class=\"elementor-widget-container\">\n\t\t\t\t\t\t\tD\u00e8s l\u2019annonce de votre grossesse, vous pouvez choisir d\u2019\u00eatre suivi par votre m\u00e9decin traitant ou par un obst\u00e9tricien. A raison d\u2019une visite mensuelle, si votre grossesse est physiologique, Maud Droit v\u00e9rifie la bonne \u00e9volution du f\u0153tus. Son r\u00f4le est de pr\u00e9venir certaines pathologies pouvant nuire \u00e0 la sant\u00e9 du b\u00e9b\u00e9 ou \u00e0 celle de la future maman.<\/span><\/p>\n<p class=\"p1\"><span class=\"s1\">Durant le suivi pr\u00e9natal, votre sage-femme est habilit\u00e9e \u00e0 vous prescrire des analyses de sang et d\u2019urine mais aussi les trois \u00e9chographies pr\u00e9vues ainsi que les m\u00e9dicaments destin\u00e9s \u00e0 soulager certains maux comme les naus\u00e9es ou les jambes lourdes. Elle effectue \u00e9galement le monitoring afin de v\u00e9rifier le rythme cardiaque du foetus.<\/span><\/p>\n<p class=\"p1\"><span class=\"s1\">Maud Droit vous accueille dans son cabinet \u00e0 Toulouse pour r\u00e9aliser l\u2019entretien pr\u00e9natal. Envisageable d\u00e8s le quatri\u00e8me mois, en solo ou en couple, vous pourrez \u00e9changer librement sur les th\u00e8mes qui vous tiennent \u00e0 coeur : grossesse, allaitement, conditions d\u2019accouchement, s\u00e9ances de pr\u00e9paration, portage de b\u00e9b\u00e9, toucher affectif&#8230;<\/span><\/p>\n<p class=\"p1\"><span class=\"s1\">Rembours\u00e9es int\u00e9gralement par la S\u00e9curit\u00e9 sociale, chaque future maman peut profiter de huit s\u00e9ances de pr\u00e9paration \u00e0 l\u2019accouchement. Cependant, certaines m\u00e9thodes ne sont pas prises en charge, il est recommand\u00e9 de se rapprocher de la CPAM de sa ville.\nCes rendez-vous hebdomadaires ont pour but de favoriser l\u2019\u00e9change d\u2019exp\u00e9riences avec d\u2019autres mamans. Mais aussi d\u2019aborder la grossesse, le jour J et la future parentalit\u00e9 le plus sereinement possible.\t\t\t\t\t\t<\/div>\n\t\t\t\t<\/div>\n\t\t\t\t\t<\/div>\n\t\t<\/div>\n\t\t\t\t\t<\/div>\n\t\t<\/section>\n\t\t\t\t<\/div>\n\t\t","protected":false},"excerpt":{"rendered":"<p>D\u00e8s l\u2019annonce de votre grossesse, vous pouvez choisir d\u2019\u00eatre suivi par votre [&hellip;]<\/p>\n","protected":false},"author":1,"featured_media":0,"parent":0,"menu_order":0,"comment_status":"closed","ping_status":"open","template":"elementor_header_footer","meta":{"footnotes":""},"aioseo_notices":[],"_links":{"self":[{"href":"https:\/\/www.sagefemme-toulouse.fr\/index.php\/wp-json\/wp\/v2\/pages\/194"}],"collection":[{"href":"https:\/\/www.sagefemme-toulouse.fr\/index.php\/wp-json\/wp\/v2\/pages"}],"about":[{"href":"https:\/\/www.sagefemme-toulouse.fr\/index.php\/wp-json\/wp\/v2\/types\/page"}],"author":[{"embeddable":true,"href":"https:\/\/www.sagefemme-toulouse.fr\/index.php\/wp-json\/wp\/v2\/users\/1"}],"replies":[{"embeddable":true,"href":"https:\/\/www.sagefemme-toulouse.fr\/index.php\/wp-json\/wp\/v2\/comments?post=194"}],"version-history":[{"count":4,"href":"https:\/\/www.sagefemme-toulouse.fr\/index.php\/wp-json\/wp\/v2\/pages\/194\/revisions"}],"predecessor-version":[{"id":219,"href":"https:\/\/www.sagefemme-toulouse.fr\/index.php\/wp-json\/wp\/v2\/pages\/194\/revisions\/219"}],"wp:attachment":[{"href":"https:\/\/www.sagefemme-toulouse.fr\/index.php\/wp-json\/wp\/v2\/media?parent=194"}],"curies":[{"name":"wp","href":"https:\/\/api.w.org\/{rel}","templated":true}]}}